{"id":853,"date":"2025-07-18T03:04:34","date_gmt":"2025-07-18T03:04:34","guid":{"rendered":"https:\/\/utrry.fi\/index.php\/yht\/"},"modified":"2025-07-18T03:04:37","modified_gmt":"2025-07-18T03:04:37","slug":"yht","status":"publish","type":"page","link":"https:\/\/utrry.fi\/index.php\/yht\/","title":{"rendered":"yht"},"content":{"rendered":"\n  \n    <section class=\"u-clearfix u-container-align-center u-image u-shading u-section-1\" id=\"carousel_6d51\" data-image-width=\"1980\" data-image-height=\"1234\" style=\"background-image: linear-gradient(rgba(0, 0, 0, 0.2), rgba(0, 0, 0, 0.2)), url(&quot;https:\/\/utrry.fi\/wp-content\/uploads\/2025\/07\/panoramic-view-roys-peak-new-zealand-with-low-4-min-12.jpg&quot;);\">\n      <div class=\"u-clearfix u-sheet u-valign-middle-lg u-valign-middle-md u-valign-middle-sm u-sheet-1\">\n        <h1 class=\"u-align-center u-text u-text-1\" data-animation-name=\"customAnimationIn\" data-animation-duration=\"1500\" data-animation-delay=\"750\">Yhteystiedot<\/h1>\n      <\/div>\n    <\/section>\n    <section class=\"u-clearfix u-section-2\" id=\"block-1\">\n      <div class=\"u-clearfix u-sheet u-valign-middle-lg u-valign-middle-sm u-valign-middle-xl u-sheet-1\">\n        <div class=\"data-layout-selected u-clearfix u-expanded-width u-gutter-0 u-layout-wrap u-layout-wrap-1\">\n          <div class=\"u-layout\" style=\"\">\n            <div class=\"u-layout-row\" style=\"\">\n              <div class=\"u-align-left u-container-align-left u-container-style u-layout-cell u-left-cell u-size-30 u-layout-cell-1\">\n                <div class=\"u-container-layout u-valign-top-lg u-valign-top-md u-valign-top-sm u-valign-top-xs u-container-layout-1\">\n                  <p class=\"u-align-left u-custom-font u-heading-font u-text u-text-1\"><span style=\"font-size: 1.125rem;\"><span style=\"font-weight: 700;\">Yksityishenkil\u00f6t<\/span>\n                      <br>\n                      <br><\/span>Voit ottaa meihin yhteytt\u00e4 helposti puhelimitse, s\u00e4hk\u00f6postitse tai t\u00e4ytt\u00e4m\u00e4ll\u00e4 yhteydenottolomakkeen alla. Vastaamme mielell\u00e4mme kaikkiin kysymyksiisi.\nKoska olemme kaikki vapaaehtoisia, emme aina pysty takaamaan v\u00e4lit\u00f6nt\u00e4 vastausta, mutta pyrimme k\u00e4sittelem\u00e4\u00e4n kaikki yhteydenotot ja vastaamaan niihin viimeist\u00e4\u00e4n viikon sis\u00e4ll\u00e4.\n                  <\/p>\n                <\/div>\n              <\/div>\n              <div class=\"u-align-left u-container-align-left u-container-style u-layout-cell u-size-30 u-layout-cell-2\">\n                <div class=\"u-container-layout u-valign-top-lg u-valign-top-md u-valign-top-sm u-container-layout-2\">\n                  <p class=\"u-align-left u-custom-font u-heading-font u-text u-text-2\"><span style=\"font-size: 1.125rem;\"><span style=\"font-weight: 700;\">Seurakunnat, yhdistykset ja yhteis\u00f6t<\/span>\n                      <br>\n                      <br><\/span> Haluatko varata seurakuntavierailun, j\u00e4rjest\u00e4\u00e4 tapahtuman tai tarvitsetko apua nuorison tavoittamisessa? Ota rohkeasti yhteytt\u00e4 \u2013 paras tapa on l\u00e4hett\u00e4\u00e4 meille s\u00e4hk\u00f6postia. Vastaamme mielell\u00e4mme kaikkiin kysymyksiisi ja autamme mielell\u00e4mme j\u00e4rjestelyiss\u00e4 \n                  <\/p>\n                <\/div>\n              <\/div>\n            <\/div>\n          <\/div>\n        <\/div>\n      <\/div>\n    <\/section>\n    <section class=\"u-align-center u-clearfix u-container-align-center u-section-3\" id=\"block-2\">\n      <div class=\"u-clearfix u-sheet u-sheet-1\">\n        <div class=\"data-layout-selected u-clearfix u-expanded-width u-gutter-10 u-layout-wrap u-layout-wrap-1\">\n          <div class=\"u-gutter-0 u-layout\">\n            <div class=\"u-layout-row\">\n              <div class=\"u-size-30\">\n                <div class=\"u-layout-col\">\n                  <div class=\"u-align-left u-container-align-left u-container-style u-layout-cell u-left-cell u-size-30 u-layout-cell-1\">\n                    <div class=\"u-container-layout u-container-layout-1\">\n                      <h2 class=\"u-text u-text-1\">Ota yhteytt\u00e4<\/h2>\n                      <p class=\"u-custom-font u-heading-font u-text u-text-2\">Rickhard Blomerus<\/p>\n                      <p class=\"u-text u-text-3\">\n                        <a class=\"u-active-none u-border-none u-btn u-button-link u-button-style u-hover-none u-none u-text-palette-2-base u-btn-1\" href=\"tel:+358405795861\">+358 (0) 40 5795861<\/a>\n                      <\/p>\n                      <p class=\"u-text u-text-4\">\n                        <a class=\"u-active-none u-border-none u-btn u-button-link u-button-style u-hover-none u-none u-text-palette-2-base u-btn-2\" href=\"mailto:rickhardblomerus@utrry.fi\">rickhardblomerus@utrry.fi<\/a>\n                      <\/p>\n                    <\/div>\n                  <\/div>\n                  <div class=\"u-align-left u-container-align-left u-container-style u-layout-cell u-left-cell u-size-30 u-layout-cell-2\">\n                    <div class=\"u-container-layout u-valign-top u-container-layout-2\">\n                      <div class=\"u-form u-form-1\">\n                        <form action=\"https:\/\/forms.nicepagesrv.com\/v2\/form\/process\" class=\"u-clearfix u-form-spacing-10 u-form-vertical u-inner-form\" style=\"padding: 10px\" source=\"email\" name=\"form-5\">\n                          <div class=\"u-form-group u-form-name u-label-none\">\n                            <label for=\"name-5359\" class=\"u-label\">Name<\/label>\n                            <input type=\"text\" placeholder=\"Nimesi\" id=\"name-5359\" name=\"name\" class=\"u-input u-input-rectangle\" required=\"\">\n                          <\/div>\n                          <div class=\"u-form-email u-form-group u-label-none\">\n                            <label for=\"email-5359\" class=\"u-label\">Email<\/label>\n                            <input type=\"email\" placeholder=\"S\u00e4hk\u00f6posti\" id=\"email-5359\" name=\"email\" class=\"u-input u-input-rectangle\" required=\"\">\n                          <\/div>\n                          <div class=\"u-form-group u-form-message u-label-none\">\n                            <label for=\"message-5359\" class=\"u-label\">Address<\/label>\n                            <textarea placeholder=\"Viestisi\" rows=\"4\" cols=\"50\" id=\"message-5359\" name=\"message\" class=\"u-input u-input-rectangle\" required=\"\"><\/textarea>\n                          <\/div>\n                          <div class=\"u-form-group u-form-submit\">\n                            <a href=\"#\" class=\"u-btn u-btn-submit u-button-style\">L\u00e4het\u00e4<\/a>\n                            <input type=\"submit\" value=\"submit\" class=\"u-form-control-hidden\">\n                          <\/div>\n                          <div class=\"u-form-send-message u-form-send-success\">Kiitos, viestisi on l\u00e4hetetty.<\/div>\n                          <div class=\"u-form-send-error u-form-send-message\">Valitettavasti viesti\u00e4si ei voitu l\u00e4hett\u00e4\u00e4.<\/div>\n                          <input type=\"hidden\" value=\"\" name=\"recaptchaResponse\">\n                          <input type=\"hidden\" name=\"formServices\" value=\"6a2362d9-f709-dc74-3bf6-f6308705bec8\">\n                          <input type=\"hidden\" name=\"siteKey\" value=\"6LcS9IUrAAAAAAaDnJCd80lCsAAqbb8QiskzYCUP\">\n                        <\/form>\n                      <\/div>\n                    <\/div>\n                  <\/div>\n                <\/div>\n              <\/div>\n              <div class=\"u-size-30\">\n                <div class=\"u-layout-col\">\n                  <div class=\"u-align-left u-container-align-left u-container-style u-layout-cell u-right-cell u-size-60 u-layout-cell-3\">\n                    <div class=\"u-container-layout u-container-layout-3\">\n                      <div class=\"u-expanded u-grey-light-2 u-map\">\n                        <div class=\"embed-responsive\">\n                          <iframe class=\"embed-responsive-item\" src=\"https:\/\/maps.google.com\/maps?output=embed&amp;q=Yl%C3%B6j%C3%A4rvi%2C%20Pirkanmaa&amp;z=10&amp;t=m\" data-map=\"JTdCJTIyYWRkcmVzcyUyMiUzQSUyMllsJUMzJUI2aiVDMyVBNHJ2aSUyQyUyMFBpcmthbm1hYSUyMiUyQyUyMnpvb20lMjIlM0ExMCUyQyUyMnR5cGVJZCUyMiUzQSUyMnJvYWQlMjIlMkMlMjJsYW5nJTIyJTNBJTIyJTIyJTdE\"><\/iframe>\n                        <\/div>\n                      <\/div>\n                    <\/div>\n                  <\/div>\n                <\/div>\n              <\/div>\n            <\/div>\n          <\/div>\n        <\/div>\n      <\/div>\n    <\/section>\n    \n    \n    \n    \n  \n","protected":false},"excerpt":{"rendered":"<p>Yhteystiedot Yksityishenkil\u00f6t Voit ottaa meihin yhteytt\u00e4 helposti puhelimitse, s\u00e4hk\u00f6postitse tai t\u00e4ytt\u00e4m\u00e4ll\u00e4 yhteydenottolomakkeen alla. Vastaamme mielell\u00e4mme kaikkiin kysymyksiisi. Koska olemme kaikki vapaaehtoisia, emme aina pysty takaamaan v\u00e4lit\u00f6nt\u00e4 vastausta, mutta pyrimme k\u00e4sittelem\u00e4\u00e4n kaikki yhteydenotot ja vastaamaan niihin viimeist\u00e4\u00e4n viikon sis\u00e4ll\u00e4. Seurakunnat, yhdistykset ja yhteis\u00f6t Haluatko varata seurakuntavierailun, j\u00e4rjest\u00e4\u00e4 tapahtuman tai tarvitsetko apua nuorison tavoittamisessa? Ota rohkeasti yhteytt\u00e4 &hellip; <a href=\"https:\/\/utrry.fi\/index.php\/yht\/\" class=\"more-link\">Continue reading<span class=\"screen-reader-text\"> &#8221;yht&#8221;<\/span><\/a><\/p>\n","protected":false},"author":1,"featured_media":0,"parent":0,"menu_order":3,"comment_status":"closed","ping_status":"closed","template":"","meta":{"footnotes":""},"class_list":["post-853","page","type-page","status-publish","hentry"],"_links":{"self":[{"href":"https:\/\/utrry.fi\/index.php\/wp-json\/wp\/v2\/pages\/853","targetHints":{"allow":["GET"]}}],"collection":[{"href":"https:\/\/utrry.fi\/index.php\/wp-json\/wp\/v2\/pages"}],"about":[{"href":"https:\/\/utrry.fi\/index.php\/wp-json\/wp\/v2\/types\/page"}],"author":[{"embeddable":true,"href":"https:\/\/utrry.fi\/index.php\/wp-json\/wp\/v2\/users\/1"}],"replies":[{"embeddable":true,"href":"https:\/\/utrry.fi\/index.php\/wp-json\/wp\/v2\/comments?post=853"}],"version-history":[{"count":1,"href":"https:\/\/utrry.fi\/index.php\/wp-json\/wp\/v2\/pages\/853\/revisions"}],"predecessor-version":[{"id":863,"href":"https:\/\/utrry.fi\/index.php\/wp-json\/wp\/v2\/pages\/853\/revisions\/863"}],"wp:attachment":[{"href":"https:\/\/utrry.fi\/index.php\/wp-json\/wp\/v2\/media?parent=853"}],"curies":[{"name":"wp","href":"https:\/\/api.w.org\/{rel}","templated":true}]}}