{"id":854,"date":"2025-07-18T03:04:35","date_gmt":"2025-07-18T03:04:35","guid":{"rendered":"https:\/\/utrry.fi\/index.php\/toiminta\/"},"modified":"2025-07-18T03:04:37","modified_gmt":"2025-07-18T03:04:37","slug":"toiminta","status":"publish","type":"page","link":"https:\/\/utrry.fi\/index.php\/toiminta\/","title":{"rendered":"toiminta"},"content":{"rendered":"\n  \n    <section class=\"u-clearfix u-image u-shading u-section-1\" id=\"sec-f9dd\" data-image-width=\"1280\" data-image-height=\"853\" style=\"background-image: linear-gradient(rgba(0, 0, 0, 0.2), rgba(0, 0, 0, 0.2)), url(&quot;https:\/\/utrry.fi\/wp-content\/uploads\/2025\/07\/90c77595930382ace4c3feb791624d1316bcb02526f7bbe170762da16b7e7f224b7e8d86ae854346bb522de0b37e86b686cc825fc3cb73945cb951_1280-4.jpg&quot;);\">\n      <div class=\"u-clearfix u-sheet u-valign-middle-md u-valign-middle-xs u-sheet-1\">\n        <h1 class=\"u-align-left u-text u-text-1\">Toimintamuodot <span style=\"font-weight: 700;\"><\/span>\n        <\/h1>\n      <\/div>\n    <\/section>\n    <section class=\"u-align-center u-clearfix u-container-align-center u-custom-color-1 u-section-2\" src=\"\" id=\"sec-c968\">\n      <div class=\"u-list u-list-1\">\n        <div class=\"u-repeater u-repeater-1\">\n          <div class=\"u-container-align-center u-container-style u-gradient u-list-item u-radius-50 u-repeater-item u-shape-round u-list-item-1\" data-animation-name=\"customAnimationIn\" data-animation-duration=\"1500\" data-animation-delay=\"500\">\n            <div class=\"u-container-layout u-similar-container u-container-layout-1\">\n              <img decoding=\"async\" alt=\"\" class=\"u-expanded-width u-image u-image-round u-radius-30 u-image-1\" src=\"https:\/\/utrry.fi\/wp-content\/uploads\/2025\/07\/IMG_20250524_130614-4.jpg\" data-image-width=\"1440\" data-image-height=\"1920\">\n              <h5 class=\"u-align-center u-text u-text-default u-text-palette-2-base u-text-1\">Toritapahtumia<\/h5>\n              <ul class=\"u-align-left u-custom-font u-custom-list u-file-icon u-heading-font u-text u-text-black u-text-2\">\n                <li style=\"padding-left: 3px;\">\n                  <div class=\"u-list-icon u-text-palette-2-base\">\n                    <img decoding=\"async\" src=\"https:\/\/utrry.fi\/wp-content\/uploads\/2025\/07\/2732655-12.png\" alt=\"\">\n                  <\/div> Tori- ja tapahtumateltat\n                <\/li>\n                <li style=\"padding-left: 3px;\">\n                  <div class=\"u-list-icon u-text-palette-2-base\">\n                    <img decoding=\"async\" src=\"https:\/\/utrry.fi\/wp-content\/uploads\/2025\/07\/2732655-12.png\" alt=\"\">\n                  <\/div> Musiikki, kaiutin ja mikrofonit\n                <\/li>\n                <li style=\"padding-left: 3px;\">\n                  <div class=\"u-list-icon u-text-palette-2-base\">\n                    <img decoding=\"async\" src=\"https:\/\/utrry.fi\/wp-content\/uploads\/2025\/07\/2732655-12.png\" alt=\"\">\n                  <\/div> Tiimi, jossa on 3\u20135 henke\u00e4\n                <\/li>\n                <li style=\"padding-left: 3px;\">\n                  <div class=\"u-list-icon u-text-palette-2-base\">\n                    <img decoding=\"async\" src=\"https:\/\/utrry.fi\/wp-content\/uploads\/2025\/07\/2732655-12.png\" alt=\"\">\n                  <\/div> Helppo liitt\u00e4\u00e4 osaksi haluamaanne toimintaa\n                <\/li>\n                <li style=\"padding-left: 3px;\">\n                  <div class=\"u-list-icon u-text-palette-2-base\">\n                    <img decoding=\"async\" src=\"https:\/\/utrry.fi\/wp-content\/uploads\/2025\/07\/2732655-12.png\" alt=\"\">\n                  <\/div> Bussi varustettu virtapistokkeilla, mikrolla, j\u00e4\u00e4kaapilla, pakastimella ja runsaalla istumatilalla\n                <\/li>\n                <li style=\"padding-left: 3px;\">\n                  <div class=\"u-list-icon u-text-palette-2-base\">\n                    <img decoding=\"async\" src=\"https:\/\/utrry.fi\/wp-content\/uploads\/2025\/07\/2732655-12.png\" alt=\"\">\n                  <\/div>Iso grilli\n                <\/li>\n              <\/ul>\n            <\/div>\n          <\/div>\n          <div class=\"u-container-align-center u-container-style u-gradient u-list-item u-radius-50 u-repeater-item u-shape-round u-video-cover u-list-item-2\" data-animation-direction=\"Up\" data-animation-name=\"customAnimationIn\" data-animation-duration=\"1500\" data-animation-delay=\"500\">\n            <div class=\"u-container-layout u-similar-container u-container-layout-2\">\n              <img decoding=\"async\" alt=\"\" class=\"u-expanded-width u-image u-image-round u-radius-30 u-image-2\" src=\"https:\/\/utrry.fi\/wp-content\/uploads\/2025\/07\/074a62a9d7914895ca111c7ded2f05e6e9d355a570faf6869832f93c47a528f8958b9db8b958bcb497381959b05a8ff1052b23b8d83d597835fe2c_1280-4.jpg\" data-image-width=\"1280\" data-image-height=\"960\">\n              <h5 class=\"u-align-center u-text u-text-default u-text-palette-2-base u-text-3\">Pelej\u00e4 ja ulkoilma-aktiviteetteja<\/h5>\n              <ul class=\"u-align-left u-custom-font u-custom-list u-file-icon u-heading-font u-text u-text-black u-text-4\">\n                <li style=\"padding-left: 3px;\">\n                  <div class=\"u-list-icon u-text-palette-2-base\">\n                    <img decoding=\"async\" src=\"https:\/\/utrry.fi\/wp-content\/uploads\/2025\/07\/2732655-12.png\" alt=\"\">\n                  <\/div>\n                <\/li>\n                <li style=\"padding-left: 3px;\">\n                  <div class=\"u-list-icon u-text-palette-2-base\">\n                    <img decoding=\"async\" src=\"https:\/\/utrry.fi\/wp-content\/uploads\/2025\/07\/2732655-12.png\" alt=\"\">\n                  <\/div>Lentopalloa, jalkapalloa, sulkapalloa\n                <\/li>\n                <li style=\"padding-left: 3px;\">\n                  <div class=\"u-list-icon u-text-palette-2-base\">\n                    <img decoding=\"async\" src=\"https:\/\/utrry.fi\/wp-content\/uploads\/2025\/07\/2732655-12.png\" alt=\"\">\n                  <\/div>Kalastusta, vaellusta.\n                <\/li>\n                <li style=\"padding-left: 3px;\">\n                  <div class=\"u-list-icon u-text-palette-2-base\">\n                    <img decoding=\"async\" src=\"https:\/\/utrry.fi\/wp-content\/uploads\/2025\/07\/2732655-12.png\" alt=\"\">\n                  <\/div>Playstation\n                <\/li>\n                <li style=\"padding-left: 3px;\">\n                  <div class=\"u-list-icon u-text-palette-2-base\">\n                    <img decoding=\"async\" src=\"https:\/\/utrry.fi\/wp-content\/uploads\/2025\/07\/2732655-12.png\" alt=\"\">\n                  <\/div>Biljardia\n                <\/li>\n                <li style=\"padding-left: 3px;\">\n                  <div class=\"u-list-icon u-text-palette-2-base\">\n                    <img decoding=\"async\" src=\"https:\/\/utrry.fi\/wp-content\/uploads\/2025\/07\/2732655-12.png\" alt=\"\">\n                  <\/div>Lautapelej\u00e4\n                <\/li>\n                <li style=\"padding-left: 3px;\">\n                  <div class=\"u-list-icon u-text-palette-2-base\">\n                    <img decoding=\"async\" src=\"https:\/\/utrry.fi\/wp-content\/uploads\/2025\/07\/2732655-12.png\" alt=\"\">\n                  <\/div>Airsoftia\n                <\/li>\n                <li style=\"padding-left: 3px;\">\n                  <div class=\"u-list-icon u-text-palette-2-base\">\n                    <img decoding=\"async\" src=\"https:\/\/utrry.fi\/wp-content\/uploads\/2025\/07\/2732655-12.png\" alt=\"\">\n                  <\/div>Leirej\u00e4\n                <\/li>\n              <\/ul>\n            <\/div>\n          <\/div>\n          <div class=\"u-container-align-center u-container-style u-gradient u-list-item u-radius-50 u-repeater-item u-shape-round u-video-cover u-list-item-3\" data-animation-direction=\"Up\" data-animation-name=\"customAnimationIn\" data-animation-duration=\"1500\" data-animation-delay=\"500\">\n            <div class=\"u-container-layout u-similar-container u-container-layout-3\">\n              <img decoding=\"async\" alt=\"\" class=\"u-expanded-width u-image u-image-round u-radius-30 u-image-3\" src=\"https:\/\/utrry.fi\/wp-content\/uploads\/2025\/07\/IMG_20250611_185446-4.jpg\" data-image-width=\"1125\" data-image-height=\"1196\">\n              <h5 class=\"u-align-center u-text u-text-default u-text-palette-2-base u-text-5\">Liikkuvaty\u00f6<\/h5>\n              <ul class=\"u-align-left u-custom-font u-custom-list u-file-icon u-heading-font u-text u-text-black u-text-6\">\n                <li style=\"padding-left: 3px;\">\n                  <div class=\"u-list-icon u-text-palette-2-base\">\n                    <img decoding=\"async\" src=\"https:\/\/utrry.fi\/wp-content\/uploads\/2025\/07\/2732655-12.png\" alt=\"\">\n                  <\/div>L\u200b\u200biikkuvaty\u00f6 tavoittaa nuoret siell\u00e4, miss\u00e4 he ovat. <br>\n                  <br>Toimimme Jeesusbussilla ymp\u00e4ri pirkanmaata sek\u00e4 paikallisesti nuorisotiloissa, tapahtumissa ja muissa kohtaamispaikoissa.\n                <\/li>\n              <\/ul>\n            <\/div>\n          <\/div>\n        <\/div>\n      <\/div>\n      <div class=\"custom-expanded u-list u-list-2\">\n        <div class=\"u-repeater u-repeater-2\">\n          <div class=\"u-container-style u-gradient u-list-item u-radius-50 u-repeater-item u-shape-round u-list-item-4\" data-animation-name=\"customAnimationIn\" data-animation-duration=\"1500\" data-animation-delay=\"500\">\n            <div class=\"u-container-layout u-similar-container u-container-layout-4\">\n              <img decoding=\"async\" alt=\"\" class=\"u-expanded-width u-image u-image-round u-radius-30 u-image-4\" src=\"https:\/\/utrry.fi\/wp-content\/uploads\/2025\/07\/88b8f09747a05da22d1565752bcfd3dd7c7cb173e9746d332a8694ee14155dc3d9ab371ffbaf5022790034931341e3b25809cbabca6d79bd962c68_1280-5.jpg\" data-image-width=\"1280\" data-image-height=\"853\">\n              <h5 class=\"u-align-center u-text u-text-default u-text-palette-2-base u-text-7\">seurakuntavierailut<\/h5>\n              <ul class=\"u-align-left u-custom-font u-custom-item u-custom-list u-file-icon u-heading-font u-text u-text-black u-text-8\">\n                <li style=\"padding-left: 3px;\">\n                  <div class=\"u-list-icon u-text-palette-2-base\">\n                    <img decoding=\"async\" src=\"https:\/\/utrry.fi\/wp-content\/uploads\/2025\/07\/2732655-12.png\" alt=\"\">\n                  <\/div> Nuortenillat\n                <\/li>\n                <li style=\"padding-left: 3px;\">\n                  <div class=\"u-list-icon u-text-palette-2-base\">\n                    <img decoding=\"async\" src=\"https:\/\/utrry.fi\/wp-content\/uploads\/2025\/07\/2732655-12.png\" alt=\"\">\n                  <\/div>Evankeliointi\n                <\/li>\n                <li style=\"padding-left: 3px;\">\n                  <div class=\"u-list-icon u-text-palette-2-base\">\n                    <img decoding=\"async\" src=\"https:\/\/utrry.fi\/wp-content\/uploads\/2025\/07\/2732655-12.png\" alt=\"\">\n                  <\/div>Toritapahtumat\n                <\/li>\n                <li style=\"padding-left: 3px;\">\n                  <div class=\"u-list-icon u-text-palette-2-base\">\n                    <img decoding=\"async\" src=\"https:\/\/utrry.fi\/wp-content\/uploads\/2025\/07\/2732655-12.png\" alt=\"\">\n                  <\/div>Laulua ja puheita<br>\n                <\/li>\n                <li style=\"padding-left: 3px;\">\n                  <div class=\"u-list-icon u-text-palette-2-base\">\n                    <img decoding=\"async\" src=\"https:\/\/utrry.fi\/wp-content\/uploads\/2025\/07\/2732655-12.png\" alt=\"\">\n                  <\/div>Konsertteja\n                <\/li>\n                <li style=\"padding-left: 3px;\">\n                  <div class=\"u-list-icon u-text-palette-2-base\">\n                    <img decoding=\"async\" src=\"https:\/\/utrry.fi\/wp-content\/uploads\/2025\/07\/2732655-12.png\" alt=\"\">\n                  <\/div>Elokuvailtoja\n                <\/li>\n              <\/ul>\n            <\/div>\n          <\/div>\n          <div class=\"u-container-style u-gradient u-list-item u-radius-50 u-repeater-item u-shape-round u-video-cover u-list-item-5\" data-animation-direction=\"Up\" data-animation-name=\"customAnimationIn\" data-animation-duration=\"1500\" data-animation-delay=\"500\">\n            <div class=\"u-container-layout u-similar-container u-container-layout-5\">\n              <img decoding=\"async\" alt=\"\" class=\"u-expanded-width u-image u-image-round u-radius-30 u-image-5\" src=\"https:\/\/utrry.fi\/wp-content\/uploads\/2025\/07\/IMG_20250426_184041-12.jpg\" data-image-width=\"2080\" data-image-height=\"1560\">\n              <h5 class=\"u-align-center u-text u-text-default u-text-palette-2-base u-text-9\">Tapahtumat<\/h5>\n              <ul class=\"u-align-left u-custom-font u-custom-item u-custom-list u-file-icon u-heading-font u-text u-text-black u-text-10\">\n                <li style=\"padding-left: 3px;\">\n                  <div class=\"u-list-icon u-text-palette-2-base\">\n                    <img decoding=\"async\" src=\"https:\/\/utrry.fi\/wp-content\/uploads\/2025\/07\/2732655-12.png\" alt=\"\">\n                  <\/div>\n                <\/li>\n                <li style=\"padding-left: 3px;\">\n                  <div class=\"u-list-icon u-text-palette-2-base\">\n                    <img decoding=\"async\" src=\"https:\/\/utrry.fi\/wp-content\/uploads\/2025\/07\/2732655-12.png\" alt=\"\">\n                  <\/div>K\u200bristillisi\u00e4 artisteja, tyylilajeja: pop, rap, ylistysmusiikki, jazz ja paljon muuta\n                <\/li>\n                <li style=\"padding-left: 3px;\">\n                  <div class=\"u-list-icon u-text-palette-2-base\">\n                    <img decoding=\"async\" src=\"https:\/\/utrry.fi\/wp-content\/uploads\/2025\/07\/2732655-12.png\" alt=\"\">\n                  <\/div>Sy\u00f6t\u00e4v\u00e4\u00e4 ja juotavaa\n                <\/li>\n                <li style=\"padding-left: 3px;\">\n                  <div class=\"u-list-icon u-text-palette-2-base\">\n                    <img decoding=\"async\" src=\"https:\/\/utrry.fi\/wp-content\/uploads\/2025\/07\/2732655-12.png\" alt=\"\">\n                  <\/div>Lapsiperhetapahtumat\n                <\/li>\n                <li style=\"padding-left: 3px;\">\n                  <div class=\"u-list-icon u-text-palette-2-base\">\n                    <img decoding=\"async\" src=\"https:\/\/utrry.fi\/wp-content\/uploads\/2025\/07\/2732655-12.png\" alt=\"\">\n                  <\/div>Evankeliointi\n                <\/li>\n                <li style=\"padding-left: 3px;\">\n                  <div class=\"u-list-icon u-text-palette-2-base\">\n                    <img decoding=\"async\" src=\"https:\/\/utrry.fi\/wp-content\/uploads\/2025\/07\/2732655-12.png\" alt=\"\">\n                  <\/div>L\u00e4hetysty\u00f6 ja aktiot<br>\n                  <br>\n                <\/li>\n              <\/ul>\n            <\/div>\n          <\/div>\n          <div class=\"u-container-style u-gradient u-list-item u-radius-50 u-repeater-item u-shape-round u-video-cover u-list-item-6\" data-animation-direction=\"Up\" data-animation-name=\"customAnimationIn\" data-animation-duration=\"1500\" data-animation-delay=\"500\">\n            <div class=\"u-container-layout u-similar-container u-container-layout-6\">\n              <img decoding=\"async\" alt=\"\" class=\"u-expanded-width u-image u-image-round u-radius-30 u-image-6\" src=\"https:\/\/utrry.fi\/wp-content\/uploads\/2025\/07\/Lighthouse-4.png\" data-image-width=\"445\" data-image-height=\"240\">\n              <h5 class=\"u-align-center u-text u-text-default u-text-palette-2-base u-text-11\">Nuortenillat<\/h5>\n              <ul class=\"u-align-left u-custom-font u-custom-item u-custom-list u-file-icon u-heading-font u-text u-text-black u-text-12\">\n                <li style=\"padding-left: 3px;\">\n                  <div class=\"u-list-icon u-text-palette-2-base\">\n                    <img decoding=\"async\" src=\"https:\/\/utrry.fi\/wp-content\/uploads\/2025\/07\/2732655-12.png\" alt=\"\">\n                  <\/div>H\u00e4meenkyr\u00f6n helluntaiseurakunta.<br>Perjantaisin klo 19 - 23.<br>Lis\u00e4tietoja: Markku Palom\u00e4ki<br><span style=\"font-size: 0.875rem;\">www.hameenkyronhelluntaiseurakunta.fi&nbsp;<\/span>\n                  <br>\n                  <br>\n                <\/li>\n                <li style=\"padding-left: 3px;\">\n                  <div class=\"u-list-icon u-text-palette-2-base\">\n                    <img decoding=\"async\" src=\"https:\/\/utrry.fi\/wp-content\/uploads\/2025\/07\/2732655-12.png\" alt=\"\">\n                  <\/div>Yl\u00f6j\u00e4rven helluntaiseurakunta.<br>Perjantaisin klo 19 - 22.<br>Lis\u00e4tietoja: Rebekka Peltonen<br><span style=\"font-size: 0.875rem;\">www.yhsrk.fi<\/span>\n                <\/li>\n              <\/ul>\n            <\/div>\n          <\/div>\n        <\/div>\n      <\/div>\n    <\/section>\n    <section class=\"u-clearfix u-white u-section-3\" id=\"carousel_deb5\">\n      <div class=\"u-clearfix u-sheet u-valign-middle-lg u-valign-middle-md u-valign-middle-sm u-sheet-1\">\n        <div class=\"u-custom-color-1 u-radius-50 u-shape u-shape-round u-shape-1\" data-animation-name=\"customAnimationIn\" data-animation-duration=\"1500\" data-animation-delay=\"250\"><\/div>\n        <img decoding=\"async\" class=\"u-image u-image-round u-radius-40 u-image-1\" src=\"https:\/\/utrry.fi\/wp-content\/uploads\/2025\/07\/5b3e1ee1bef41e00d83f6372613bb5c205d33f3c732716a39b098f494e28e8d2e8cfa2955897d337ade9f1f4cd97ce018a8aa008e4f02941733f86_1280-4.jpg\" data-image-width=\"1280\" data-image-height=\"960\" data-animation-name=\"customAnimationIn\" data-animation-duration=\"1500\" data-animation-delay=\"500\">\n        <div class=\"custom-expanded u-align-left u-container-align-left u-container-style u-group u-radius-50 u-shape-round u-similar-fill u-white u-group-1\" data-animation-name=\"flipIn\" data-animation-duration=\"1500\" data-animation-direction=\"X\" data-animation-delay=\"750\">\n          <div class=\"u-container-layout u-valign-middle-lg u-valign-middle-md u-valign-middle-sm u-valign-middle-xs u-container-layout-1\">\n            <h2 class=\"u-align-left u-text u-text-default u-text-1\">Kaikki on nuorille aina ilmaista!<\/h2>\n            <p class=\"u-align-left u-custom-font u-heading-font u-text u-text-2\"> Toimintamme l\u00e4ht\u00f6kohtana on se, ett\u00e4 nuorten ei tarvitse maksaa mist\u00e4\u00e4n. Kaikki tarjolla oleva \u2013 sy\u00f6t\u00e4v\u00e4t, juotavat, tapahtumat ja aktiviteetit \u2013 on nuorille t\u00e4ysin maksutonta.\nHaluamme madaltaa osallistumisen kynnyst\u00e4 ja luoda tilaa, jossa jokainen nuori voi tulla mukaan juuri sellaisena kuin on, ilman rahahuolia.<\/p>\n          <\/div>\n        <\/div>\n        <div class=\"u-custom-color-1 u-shape u-shape-circle u-shape-2\" data-animation-name=\"customAnimationIn\" data-animation-duration=\"1500\" data-animation-delay=\"750\"><\/div>\n      <\/div>\n    <\/section>\n    <section class=\"u-clearfix u-gradient u-section-4\" id=\"carousel_80a4\">\n      <div class=\"u-clearfix u-sheet u-sheet-1\">\n        <div class=\"u-expanded-height u-expanded-height-lg u-expanded-height-md u-expanded-height-sm u-expanded-height-xl u-radius-50 u-shape u-shape-round u-white u-shape-1\" data-animation-name=\"flipIn\" data-animation-duration=\"1500\" data-animation-direction=\"X\" data-animation-delay=\"750\"><\/div>\n        <img decoding=\"async\" class=\"custom-expanded u-expanded-width-md u-expanded-width-sm u-image u-image-round u-radius u-image-1\" src=\"https:\/\/utrry.fi\/wp-content\/uploads\/2025\/07\/IMG_20250524_095341-4.jpg\" data-image-width=\"485\" data-image-height=\"648\" data-animation-name=\"customAnimationIn\" data-animation-duration=\"1500\" data-animation-delay=\"250\">\n        <img decoding=\"async\" class=\"custom-expanded u-image u-image-round u-radius u-image-2\" src=\"https:\/\/utrry.fi\/wp-content\/uploads\/2025\/07\/IMG_20250524_091615-4.jpg\" data-image-width=\"525\" data-image-height=\"700\" data-animation-name=\"customAnimationIn\" data-animation-duration=\"1500\" data-animation-delay=\"500\">\n        <img decoding=\"async\" class=\"u-expanded-width-xs u-image u-image-round u-radius-50 u-image-3\" src=\"https:\/\/utrry.fi\/wp-content\/uploads\/2025\/07\/IMG-20250524-WA0014-4.jpg\" data-image-width=\"1318\" data-image-height=\"445\" data-animation-name=\"customAnimationIn\" data-animation-duration=\"1500\" data-animation-delay=\"750\">\n        <div class=\"u-align-left u-container-align-left u-container-style u-expanded-width-xs u-group u-radius-50 u-shape-round u-white u-group-1\" data-animation-name=\"customAnimationIn\" data-animation-duration=\"1500\" data-animation-delay=\"750\">\n          <div class=\"u-container-layout u-container-layout-1\">\n            <h2 class=\"u-text u-text-1\"> Jeesus-Bussi \u2013 Turvallinen tila nuorille<\/h2>\n            <p class=\"u-custom-font u-heading-font u-text u-text-2\"> Turvallinen tila nuorille\nJeesus-Bussiin on kaikkien aina kiva tulla!<br> Bussi on l\u00e4mminhenkinen kohtaamispaikka, jossa jokainen saa olla oma itsens\u00e4.\nPid\u00e4mme Jeesus-Bussin p\u00e4ihteett\u00f6m\u00e4n\u00e4 ja turvallisena ymp\u00e4rist\u00f6n\u00e4.<br> T\u00e4\u00e4ll\u00e4 voi jutella, lev\u00e4t\u00e4, kohdata muita \u2013 tai vaikka vain olla.\nTarjoamme usein pient\u00e4 purtavaa, pelej\u00e4 ja yhteist\u00e4 tekemist\u00e4.<br> Kaikki on nuorille aina maksutonta \u2013 niin ruoka, juoma kuin aktiviteetitkin.\nTavoitteenamme on, ett\u00e4 jokainen nuori tuntee olevansa n\u00e4hdyksi ja arvostetuksi.\nTervetuloa Jeesus-Bussiin \u2013 juuri sin\u00e4 olet t\u00e4rke\u00e4!\n            <\/p>\n          <\/div>\n        <\/div>\n      <\/div>\n    <\/section>\n    \n    \n    \n    \n  \n","protected":false},"excerpt":{"rendered":"<p>Toimintamuodot Toritapahtumia Tori- ja tapahtumateltat Musiikki, kaiutin ja mikrofonit Tiimi, jossa on 3\u20135 henke\u00e4 Helppo liitt\u00e4\u00e4 osaksi haluamaanne toimintaa Bussi varustettu virtapistokkeilla, mikrolla, j\u00e4\u00e4kaapilla, pakastimella ja runsaalla istumatilalla Iso grilli Pelej\u00e4 ja ulkoilma-aktiviteetteja Lentopalloa, jalkapalloa, sulkapalloa Kalastusta, vaellusta. Playstation Biljardia Lautapelej\u00e4 Airsoftia Leirej\u00e4 Liikkuvaty\u00f6 L\u200b\u200biikkuvaty\u00f6 tavoittaa nuoret siell\u00e4, miss\u00e4 he ovat. Toimimme Jeesusbussilla ymp\u00e4ri pirkanmaata &hellip; <a href=\"https:\/\/utrry.fi\/index.php\/toiminta\/\" class=\"more-link\">Continue reading<span class=\"screen-reader-text\"> &#8221;toiminta&#8221;<\/span><\/a><\/p>\n","protected":false},"author":1,"featured_media":0,"parent":0,"menu_order":4,"comment_status":"closed","ping_status":"closed","template":"","meta":{"footnotes":""},"class_list":["post-854","page","type-page","status-publish","hentry"],"_links":{"self":[{"href":"https:\/\/utrry.fi\/index.php\/wp-json\/wp\/v2\/pages\/854","targetHints":{"allow":["GET"]}}],"collection":[{"href":"https:\/\/utrry.fi\/index.php\/wp-json\/wp\/v2\/pages"}],"about":[{"href":"https:\/\/utrry.fi\/index.php\/wp-json\/wp\/v2\/types\/page"}],"author":[{"embeddable":true,"href":"https:\/\/utrry.fi\/index.php\/wp-json\/wp\/v2\/users\/1"}],"replies":[{"embeddable":true,"href":"https:\/\/utrry.fi\/index.php\/wp-json\/wp\/v2\/comments?post=854"}],"version-history":[{"count":1,"href":"https:\/\/utrry.fi\/index.php\/wp-json\/wp\/v2\/pages\/854\/revisions"}],"predecessor-version":[{"id":864,"href":"https:\/\/utrry.fi\/index.php\/wp-json\/wp\/v2\/pages\/854\/revisions\/864"}],"wp:attachment":[{"href":"https:\/\/utrry.fi\/index.php\/wp-json\/wp\/v2\/media?parent=854"}],"curies":[{"name":"wp","href":"https:\/\/api.w.org\/{rel}","templated":true}]}}